{"id":54,"date":"2018-11-06T21:12:44","date_gmt":"2018-11-06T20:12:44","guid":{"rendered":"https:\/\/edwigevoyance.fr\/?page_id=54"},"modified":"2022-05-15T20:33:50","modified_gmt":"2022-05-15T18:33:50","slug":"support","status":"publish","type":"page","link":"https:\/\/edwigevoyance.fr\/?page_id=54","title":{"rendered":"Support"},"content":{"rendered":"<h2 style=\"text-align: center;\"><img loading=\"lazy\" decoding=\"async\" class=\"alignnone size-medium wp-image-78\" src=\"https:\/\/edwigevoyance.fr\/wp-content\/uploads\/2018\/11\/7-215x300.jpg\" alt=\"\" width=\"215\" height=\"300\" srcset=\"https:\/\/edwigevoyance.fr\/wp-content\/uploads\/2018\/11\/7-215x300.jpg 215w, https:\/\/edwigevoyance.fr\/wp-content\/uploads\/2018\/11\/7-768x1072.jpg 768w, https:\/\/edwigevoyance.fr\/wp-content\/uploads\/2018\/11\/7-733x1024.jpg 733w, https:\/\/edwigevoyance.fr\/wp-content\/uploads\/2018\/11\/7-830x1159.jpg 830w, https:\/\/edwigevoyance.fr\/wp-content\/uploads\/2018\/11\/7-230x321.jpg 230w, https:\/\/edwigevoyance.fr\/wp-content\/uploads\/2018\/11\/7-350x489.jpg 350w, https:\/\/edwigevoyance.fr\/wp-content\/uploads\/2018\/11\/7-480x670.jpg 480w, https:\/\/edwigevoyance.fr\/wp-content\/uploads\/2018\/11\/7.jpg 1269w\" sizes=\"auto, (max-width: 215px) 100vw, 215px\" \/><\/h2>\n<h2 style=\"text-align: center;\"><span style=\"color: #000000;\">De nombreuses ann\u00e9es d&rsquo;exp\u00e9rience dans la voyance en naviguant <\/span><span style=\"color: #000000;\">avec diff\u00e9rents supports <\/span><\/h2>\n<h2 style=\"text-align: center;\"><span style=\"color: #ff00ff;\">Astrologie Num\u00e8rologie\u00a0\u00a0 Tarot\u00a0\u00a0 Lenormand\u00a0\u00a0 Oracles<\/span><\/h2>\n<p style=\"text-align: center;\"><img loading=\"lazy\" decoding=\"async\" class=\"alignnone wp-image-74\" src=\"https:\/\/edwigevoyance.fr\/wp-content\/uploads\/2018\/11\/3-300x259.jpg\" alt=\"\" width=\"231\" height=\"200\" srcset=\"https:\/\/edwigevoyance.fr\/wp-content\/uploads\/2018\/11\/3-300x259.jpg 300w, https:\/\/edwigevoyance.fr\/wp-content\/uploads\/2018\/11\/3-230x199.jpg 230w, https:\/\/edwigevoyance.fr\/wp-content\/uploads\/2018\/11\/3-350x302.jpg 350w, https:\/\/edwigevoyance.fr\/wp-content\/uploads\/2018\/11\/3-480x415.jpg 480w, https:\/\/edwigevoyance.fr\/wp-content\/uploads\/2018\/11\/3.jpg 684w\" sizes=\"auto, (max-width: 231px) 100vw, 231px\" \/> \u00a0 \u00a0 \u00a0 \u00a0 \u00a0 <img loading=\"lazy\" decoding=\"async\" class=\"wp-image-73 alignnone\" src=\"https:\/\/edwigevoyance.fr\/wp-content\/uploads\/2018\/11\/2-300x292.jpg\" alt=\"\" width=\"205\" height=\"200\" srcset=\"https:\/\/edwigevoyance.fr\/wp-content\/uploads\/2018\/11\/2-300x292.jpg 300w, https:\/\/edwigevoyance.fr\/wp-content\/uploads\/2018\/11\/2-768x748.jpg 768w, https:\/\/edwigevoyance.fr\/wp-content\/uploads\/2018\/11\/2-1024x997.jpg 1024w, https:\/\/edwigevoyance.fr\/wp-content\/uploads\/2018\/11\/2-830x808.jpg 830w, https:\/\/edwigevoyance.fr\/wp-content\/uploads\/2018\/11\/2-230x224.jpg 230w, https:\/\/edwigevoyance.fr\/wp-content\/uploads\/2018\/11\/2-350x341.jpg 350w, https:\/\/edwigevoyance.fr\/wp-content\/uploads\/2018\/11\/2-480x467.jpg 480w, https:\/\/edwigevoyance.fr\/wp-content\/uploads\/2018\/11\/2.jpg 1181w\" sizes=\"auto, (max-width: 205px) 100vw, 205px\" \/><\/p>\n<p style=\"text-align: center;\">\u00a0 \u00a0\u00a0 <img loading=\"lazy\" decoding=\"async\" class=\"wp-image-25 alignnone\" src=\"https:\/\/edwigevoyance.fr\/wp-content\/uploads\/2018\/11\/gildedreverie-300x200.jpg\" alt=\"\" width=\"300\" height=\"200\" srcset=\"https:\/\/edwigevoyance.fr\/wp-content\/uploads\/2018\/11\/gildedreverie-300x200.jpg 300w, https:\/\/edwigevoyance.fr\/wp-content\/uploads\/2018\/11\/gildedreverie-768x512.jpg 768w, https:\/\/edwigevoyance.fr\/wp-content\/uploads\/2018\/11\/gildedreverie-1024x682.jpg 1024w, https:\/\/edwigevoyance.fr\/wp-content\/uploads\/2018\/11\/gildedreverie-830x553.jpg 830w, https:\/\/edwigevoyance.fr\/wp-content\/uploads\/2018\/11\/gildedreverie-230x153.jpg 230w, https:\/\/edwigevoyance.fr\/wp-content\/uploads\/2018\/11\/gildedreverie-350x233.jpg 350w, https:\/\/edwigevoyance.fr\/wp-content\/uploads\/2018\/11\/gildedreverie-480x320.jpg 480w, https:\/\/edwigevoyance.fr\/wp-content\/uploads\/2018\/11\/gildedreverie.jpg 1772w\" sizes=\"auto, (max-width: 300px) 100vw, 300px\" \/> \u00a0\u00a0\u00a0\u00a0\u00a0\u00a0\u00a0 <img loading=\"lazy\" decoding=\"async\" class=\"alignnone wp-image-475\" src=\"https:\/\/edwigevoyance.fr\/wp-content\/uploads\/2022\/05\/pngegg-5-150x150.png\" alt=\"\" width=\"200\" height=\"200\" srcset=\"https:\/\/edwigevoyance.fr\/wp-content\/uploads\/2022\/05\/pngegg-5-150x150.png 150w, https:\/\/edwigevoyance.fr\/wp-content\/uploads\/2022\/05\/pngegg-5-300x300.png 300w, https:\/\/edwigevoyance.fr\/wp-content\/uploads\/2022\/05\/pngegg-5-768x768.png 768w, https:\/\/edwigevoyance.fr\/wp-content\/uploads\/2022\/05\/pngegg-5-830x830.png 830w, https:\/\/edwigevoyance.fr\/wp-content\/uploads\/2022\/05\/pngegg-5-230x230.png 230w, https:\/\/edwigevoyance.fr\/wp-content\/uploads\/2022\/05\/pngegg-5-350x350.png 350w, https:\/\/edwigevoyance.fr\/wp-content\/uploads\/2022\/05\/pngegg-5-480x480.png 480w, https:\/\/edwigevoyance.fr\/wp-content\/uploads\/2022\/05\/pngegg-5.png 894w\" sizes=\"auto, (max-width: 200px) 100vw, 200px\" \/><\/p>\n<p><img loading=\"lazy\" decoding=\"async\" class=\"wp-image-128 aligncenter\" src=\"https:\/\/edwigevoyance.fr\/wp-content\/uploads\/2018\/12\/oracle.jpg\" alt=\"\" width=\"315\" height=\"200\" srcset=\"https:\/\/edwigevoyance.fr\/wp-content\/uploads\/2018\/12\/oracle.jpg 282w, https:\/\/edwigevoyance.fr\/wp-content\/uploads\/2018\/12\/oracle-230x146.jpg 230w\" sizes=\"auto, (max-width: 315px) 100vw, 315px\" \/><\/p>\n","protected":false},"excerpt":{"rendered":"<p>De nombreuses ann\u00e9es d&rsquo;exp\u00e9rience dans la voyance en naviguant avec diff\u00e9rents supports Astrologie Num\u00e8rologie\u00a0\u00a0 Tarot\u00a0\u00a0 Lenormand\u00a0\u00a0 Oracles \u00a0 \u00a0 \u00a0 \u00a0 \u00a0 [&hellip;]<\/p>\n","protected":false},"author":1,"featured_media":0,"parent":0,"menu_order":0,"comment_status":"closed","ping_status":"closed","template":"","meta":{"footnotes":""},"class_list":["post-54","page","type-page","status-publish","hentry"],"_links":{"self":[{"href":"https:\/\/edwigevoyance.fr\/index.php?rest_route=\/wp\/v2\/pages\/54","targetHints":{"allow":["GET"]}}],"collection":[{"href":"https:\/\/edwigevoyance.fr\/index.php?rest_route=\/wp\/v2\/pages"}],"about":[{"href":"https:\/\/edwigevoyance.fr\/index.php?rest_route=\/wp\/v2\/types\/page"}],"author":[{"embeddable":true,"href":"https:\/\/edwigevoyance.fr\/index.php?rest_route=\/wp\/v2\/users\/1"}],"replies":[{"embeddable":true,"href":"https:\/\/edwigevoyance.fr\/index.php?rest_route=%2Fwp%2Fv2%2Fcomments&post=54"}],"version-history":[{"count":9,"href":"https:\/\/edwigevoyance.fr\/index.php?rest_route=\/wp\/v2\/pages\/54\/revisions"}],"predecessor-version":[{"id":478,"href":"https:\/\/edwigevoyance.fr\/index.php?rest_route=\/wp\/v2\/pages\/54\/revisions\/478"}],"wp:attachment":[{"href":"https:\/\/edwigevoyance.fr\/index.php?rest_route=%2Fwp%2Fv2%2Fmedia&parent=54"}],"curies":[{"name":"wp","href":"https:\/\/api.w.org\/{rel}","templated":true}]}}