{"id":31,"date":"2018-11-06T20:50:48","date_gmt":"2018-11-06T19:50:48","guid":{"rendered":"https:\/\/edwigevoyance.fr\/?page_id=31"},"modified":"2022-05-15T20:41:24","modified_gmt":"2022-05-15T18:41:24","slug":"consultations","status":"publish","type":"page","link":"https:\/\/edwigevoyance.fr\/?page_id=31","title":{"rendered":"Consultations"},"content":{"rendered":"<h3><span style=\"color: #0000ff;\">Consultations priv\u00e9es : <\/span><\/h3>\n<p><span style=\"color: #0000ff;\">(r\u00e8glement s\u00e9curis\u00e9 Paypal) <a href=\"https:\/\/www.paypal.com\/fr\/home\" target=\"_blank\" rel=\"noopener\"><img loading=\"lazy\" decoding=\"async\" class=\"alignnone wp-image-180\" src=\"https:\/\/edwigevoyance.fr\/wp-content\/uploads\/2018\/12\/paypal.jpg\" alt=\"\" width=\"71\" height=\"59\" srcset=\"https:\/\/edwigevoyance.fr\/wp-content\/uploads\/2018\/12\/paypal.jpg 246w, https:\/\/edwigevoyance.fr\/wp-content\/uploads\/2018\/12\/paypal-230x192.jpg 230w\" sizes=\"auto, (max-width: 71px) 100vw, 71px\" \/><\/a><br \/>\n<\/span><\/p>\n<h3><span style=\"color: #ff0000;\">Consultation compl\u00e8te<\/span> : 55 \u20ac en \u00e9vitant certains sujets que vous ne souhaitez pas aborder &#8230; donc c&rsquo;est vous qui orientez les diff\u00e9rents domaines<\/h3>\n<h4>Pour toutes vos consultations n&rsquo;oubliez pas de joindre, lors du rendez-vous, votre pr\u00e9nom et votre date de naissance, ainsi que celle de la personne de vos pens\u00e9es<\/h4>\n<h2>par t\u00e9l\u00e9phone : <span style=\"color: #ff0000;\">06 52 30 99 75<\/span><\/h2>\n<h4>Laissez moi un SMS si je ne r\u00e9ponds pas pour bien avoir votre num\u00e9ro inscrit, ainsi je vous recontacterai au plus vite<\/h4>\n<h2>Par mail : <a href=\"mailto:edwigevoyance@free.fr\">edwigevoyance@free.fr<\/a><\/h2>\n<h2><span style=\"color: #3366ff;\">Merci de votre confiance et comptez sur mon s\u00e9rieux<\/span><\/h2>\n<h2><span style=\"color: #3366ff;\">EdwigE<\/span><\/h2>\n<h2><a href=\"https:\/\/www.facebook.com\/edwigevoyance\/\" target=\"_blank\" rel=\"noopener\"><img loading=\"lazy\" decoding=\"async\" class=\"alignnone wp-image-21\" src=\"https:\/\/edwigevoyance.fr\/wp-content\/uploads\/2018\/11\/index.jpg\" alt=\"\" width=\"87\" height=\"49\" srcset=\"https:\/\/edwigevoyance.fr\/wp-content\/uploads\/2018\/11\/index.jpg 299w, https:\/\/edwigevoyance.fr\/wp-content\/uploads\/2018\/11\/index-230x129.jpg 230w\" sizes=\"auto, (max-width: 87px) 100vw, 87px\" \/><\/a> : <a href=\"https:\/\/www.facebook.com\/edwigevoyance\/\" target=\"_blank\" rel=\"noopener\"><span style=\"color: #00ccff;\"><em>Edwige Voyance<\/em><\/span><\/a><\/h2>\n<h2><a href=\"https:\/\/www.instagram.com\/edwige.voyance\/\" target=\"_blank\" rel=\"noopener\"><img loading=\"lazy\" decoding=\"async\" class=\"alignnone size-full wp-image-466\" src=\"https:\/\/edwigevoyance.fr\/wp-content\/uploads\/2022\/05\/logo-instagram.png\" alt=\"\" width=\"57\" height=\"57\" \/><\/a> :<a href=\"https:\/\/www.instagram.com\/edwige.voyance\/\" target=\"_blank\" rel=\"noopener\"> <span style=\"color: #ff00ff;\">Edwige Voyance<\/span><\/a><\/h2>\n<h2><\/h2>\n","protected":false},"excerpt":{"rendered":"<p>Consultations priv\u00e9es : (r\u00e8glement s\u00e9curis\u00e9 Paypal) Consultation compl\u00e8te : 55 \u20ac en \u00e9vitant certains sujets que vous ne souhaitez pas aborder &#8230; [&hellip;]<\/p>\n","protected":false},"author":1,"featured_media":0,"parent":0,"menu_order":0,"comment_status":"closed","ping_status":"closed","template":"","meta":{"footnotes":""},"class_list":["post-31","page","type-page","status-publish","hentry"],"_links":{"self":[{"href":"https:\/\/edwigevoyance.fr\/index.php?rest_route=\/wp\/v2\/pages\/31","targetHints":{"allow":["GET"]}}],"collection":[{"href":"https:\/\/edwigevoyance.fr\/index.php?rest_route=\/wp\/v2\/pages"}],"about":[{"href":"https:\/\/edwigevoyance.fr\/index.php?rest_route=\/wp\/v2\/types\/page"}],"author":[{"embeddable":true,"href":"https:\/\/edwigevoyance.fr\/index.php?rest_route=\/wp\/v2\/users\/1"}],"replies":[{"embeddable":true,"href":"https:\/\/edwigevoyance.fr\/index.php?rest_route=%2Fwp%2Fv2%2Fcomments&post=31"}],"version-history":[{"count":14,"href":"https:\/\/edwigevoyance.fr\/index.php?rest_route=\/wp\/v2\/pages\/31\/revisions"}],"predecessor-version":[{"id":480,"href":"https:\/\/edwigevoyance.fr\/index.php?rest_route=\/wp\/v2\/pages\/31\/revisions\/480"}],"wp:attachment":[{"href":"https:\/\/edwigevoyance.fr\/index.php?rest_route=%2Fwp%2Fv2%2Fmedia&parent=31"}],"curies":[{"name":"wp","href":"https:\/\/api.w.org\/{rel}","templated":true}]}}